{"id":2969,"date":"2020-03-13T06:59:39","date_gmt":"2020-03-13T06:59:39","guid":{"rendered":"https:\/\/www.bonnlegal.eu\/?page_id=2969"},"modified":"2025-09-30T04:15:25","modified_gmt":"2025-09-30T04:15:25","slug":"anfahrt","status":"publish","type":"page","link":"https:\/\/www.bonnlegal.eu\/en\/anfahrt","title":{"rendered":"Approach"},"content":{"rendered":"<div class=\"wpb-content-wrapper\"><div class=\"vc_row wpb_row vc_row-fluid inner_container desktop-visible cneo-head vc_custom_1656757899747 vc_row-has-fill vc_rtl-columns-reverse vc_row-o-content-middle vc_row-flex\"><div class=\"wpb_column vc_column_container vc_col-sm-3\/5\"><div class=\"vc_column-inner vc_custom_1581831845353\"><div class=\"wpb_wrapper\">\n\t<div class=\"wpb_text_column wpb_content_element\" >\n\t\t<div class=\"wpb_wrapper\">\n\t\t\t\n\t\t<\/div>\n\t<\/div>\n<\/div><\/div><\/div><\/div><div class=\"vc_row wpb_row vc_row-fluid mobile-invisible cneo-head\"><div class=\"wpb_column vc_column_container vc_col-sm-12\"><div class=\"vc_column-inner\"><div class=\"wpb_wrapper\">\n\t<div  class=\"wpb_single_image wpb_content_element vc_align_left wpb_content_element\">\n\t\t\n\t\t<figure class=\"wpb_wrapper vc_figure\">\n\t\t\t<div class=\"vc_single_image-wrapper   vc_box_border_grey\"><img loading=\"lazy\" decoding=\"async\" width=\"800\" height=\"600\" src=\"https:\/\/www.bonnlegal.eu\/wp-content\/uploads\/bonn_800_600.jpg\" class=\"vc_single_image-img attachment-full\" alt=\"Ihr Rechtsanwalt in Bonn. Rechtsanwalt Andreas Plettenberg, Fachanwalt f\u00fcr Arbeitsrecht und Familienrecht sowie Verfahrensbeistand in Bonn\" title=\"aerial of Bonn, the former capital of Germany\" srcset=\"https:\/\/www.bonnlegal.eu\/wp-content\/uploads\/bonn_800_600.jpg 800w, https:\/\/www.bonnlegal.eu\/wp-content\/uploads\/bonn_800_600-300x225.jpg 300w, https:\/\/www.bonnlegal.eu\/wp-content\/uploads\/bonn_800_600-768x576.jpg 768w, https:\/\/www.bonnlegal.eu\/wp-content\/uploads\/bonn_800_600-16x12.jpg 16w, https:\/\/www.bonnlegal.eu\/wp-content\/uploads\/bonn_800_600-100x75.jpg 100w\" sizes=\"auto, (max-width: 800px) 100vw, 800px\" \/><\/div>\n\t\t<\/figure>\n\t<\/div>\n<\/div><\/div><\/div><\/div><div class=\"vc_row wpb_row vc_row-fluid vc_custom_1656942443525 vc_row-has-fill\"><div class=\"wpb_column vc_column_container vc_col-sm-12\"><div class=\"vc_column-inner\"><div class=\"wpb_wrapper\">\n\t<div class=\"wpb_text_column wpb_content_element\" >\n\t\t<div class=\"wpb_wrapper\">\n\t\t\t<h1 style=\"text-align: center;\">OFFICE HOURS AND DIRECTIONS<\/h1>\n<p style=\"text-align: center;\">Our office is located in the middle of Bonn's pedestrian zone.<\/p>\n<p style=\"text-align: center;\">Parking is available in the multi-storey car park on M\u00fcnsterplatz and in the Markt<a href=\"\/en\/familienrecht\/\">&#8211;<\/a> and university garage.<\/p>\n<p style=\"text-align: center;\">The nearest stop is Bonn\/HBF<a href=\"https:\/\/www.rak-koeln.de\/\">,<\/a> From there it is 250 metres to the office.<\/p>\n\n\t\t<\/div>\n\t<\/div>\n<\/div><\/div><\/div><\/div><div class=\"vc_row wpb_row vc_row-fluid inner_container_fixed vc_custom_1656942356734 vc_row-has-fill vc_column-gap-25 vc_row-o-content-top vc_row-flex\"><div class=\"inner_container_fixed wpb_column vc_column_container vc_col-sm-6\"><div class=\"vc_column-inner\"><div class=\"wpb_wrapper\">\n\t<div class=\"wpb_text_column wpb_content_element\" >\n\t\t<div class=\"wpb_wrapper\">\n\t\t\t<p><strong>Address:<\/strong><\/p>\n<p>Lawyer Andreas Plettenberg<br \/>\nIn der S\u00fcrst 3<br \/>\n53111 Bonn<\/p>\n<p><strong>Contact:<\/strong><\/p>\n<p>Phone: 0228 90 27900<br \/>\nFax: 0228 9027910<br \/>\nE-mail: info@kanzlei-am-martinsbrunnen.de<\/p>\n<p><strong>Office hours:<\/strong><\/p>\n<p>Sie erreichen uns<\/p>\n<p>Montags bis Donnerstags von 8:00 Uhr bis 17:00 Uhr<br \/>\nFreitags von 08:00 Uhr bis 13:00 Uhr<\/p>\n<p>unter 0228 &#8211; 90 279 00 und nach Vereinbarung oder per E-Mail unter <a href=\"mailto:in%66o@%62%6f%6e%6e-%6c%65%67al.%65u\">info@bonn-legal.eu<\/a><\/p>\n\n\t\t<\/div>\n\t<\/div>\n<\/div><\/div><\/div><div class=\"inner_container_fixed wpb_column vc_column_container vc_col-sm-6\"><div class=\"vc_column-inner\"><div class=\"wpb_wrapper\"><div class=\"vc_empty_space\"   style=\"height: 32px\"><span class=\"vc_empty_space_inner\"><\/span><\/div>\n\t<div class=\"wpb_raw_code wpb_raw_html wpb_content_element\" >\n\t\t<div class=\"wpb_wrapper\">\n\t\t\t<iframe src=\"https:\/\/www.google.com\/maps\/embed?pb=!1m18!1m12!1m3!1d1061.7478634250208!2d7.097771636978013!3d50.733365434106!2m3!1f0!2f0!3f0!3m2!1i1024!2i768!4f13.1!3m3!1m2!1s0x47bee128fd0a314b%3A0x1206c6adcbdd67a8!2sIn%20d.%20S%C3%BCrst%203%2C%2053111%20Bonn!5e0!3m2!1sde!2sde!4v1656757844812!5m2!1sde!2sde\" width=\"600\" height=\"450\" style=\"border:0;\" allowfullscreen=\"\" loading=\"lazy\" referrerpolicy=\"no-referrer-when-downgrade\"><\/iframe>\n\t\t<\/div>\n\t<\/div>\n<\/div><\/div><\/div><\/div><div class=\"vc_row wpb_row vc_row-fluid\"><div class=\"wpb_column vc_column_container vc_col-sm-12\"><div class=\"vc_column-inner\"><div class=\"wpb_wrapper\"><div class=\"vc_empty_space\"   style=\"height: 22px\"><span class=\"vc_empty_space_inner\"><\/span><\/div><\/div><\/div><\/div><\/div>\n<\/div>","protected":false},"excerpt":{"rendered":"OFFICE HOURS AND HOW TO FIND US Our office is located in the middle of Bonn's pedestrian zone. Parking is available in the multi-storey car park at M\u00fcnsterplatz and in the market and university garage. The nearest bus stop is Bonn\/HBF, from there it is 250 metres to the office. Address: Andreas Plettenberg, lawyer In der S\u00fcrst 3 53111 Bonn Contact: Phone: 0228 90 27900 Fax: 0228 9027910 E-mail: info@kanzlei-am-martinsbrunnen.de ... <a href=\"https:\/\/www.bonnlegal.eu\/en\/anfahrt\" class=\"more-link\">Read More<\/a>","protected":false},"author":1,"featured_media":5040,"parent":0,"menu_order":0,"comment_status":"closed","ping_status":"closed","template":"template-blank-4.php","meta":{"footnotes":""},"class_list":["post-2969","page","type-page","status-publish","has-post-thumbnail","hentry"],"yoast_head":"<!-- This site is optimized with the Yoast SEO plugin v27.2 - https:\/\/yoast.com\/product\/yoast-seo-wordpress\/ -->\n<title>Anfahrt und B\u00fcrozeiten - Rechtsanwaltskanzlei Andreas Plettenberg<\/title>\n<meta name=\"description\" content=\"Anfahrt und B\u00fcrozeiten. Rechtsanwalt Andreas Plettenberg, Fachanwalt f\u00fcr Arbeitsrecht und Familienrecht sowie Verfahrensbeistand in Bonn\" \/>\n<meta name=\"robots\" content=\"index, follow, max-snippet:-1, max-image-preview:large, max-video-preview:-1\" \/>\n<link rel=\"canonical\" href=\"https:\/\/www.bonnlegal.eu\/en\/anfahrt\/\" \/>\n<meta property=\"og:locale\" content=\"en_GB\" \/>\n<meta property=\"og:type\" content=\"article\" \/>\n<meta property=\"og:title\" content=\"Anfahrt und B\u00fcrozeiten - Rechtsanwaltskanzlei Andreas Plettenberg\" \/>\n<meta property=\"og:description\" content=\"Anfahrt und B\u00fcrozeiten. Rechtsanwalt Andreas Plettenberg, Fachanwalt f\u00fcr Arbeitsrecht und Familienrecht sowie Verfahrensbeistand in Bonn\" \/>\n<meta property=\"og:url\" content=\"https:\/\/www.bonnlegal.eu\/en\/anfahrt\/\" \/>\n<meta property=\"og:site_name\" content=\"Rechtsanwalt Andreas Plettenberg\" \/>\n<meta property=\"article:modified_time\" content=\"2025-09-30T04:15:25+00:00\" \/>\n<meta property=\"og:image\" content=\"https:\/\/www.bonnlegal.eu\/wp-content\/uploads\/bonn_800_600.jpg\" \/>\n\t<meta property=\"og:image:width\" content=\"800\" \/>\n\t<meta property=\"og:image:height\" content=\"600\" \/>\n\t<meta property=\"og:image:type\" content=\"image\/jpeg\" \/>\n<meta name=\"twitter:card\" content=\"summary_large_image\" \/>\n<meta name=\"twitter:label1\" content=\"Estimated reading time\" \/>\n\t<meta name=\"twitter:data1\" content=\"2 minutes\" \/>\n<script type=\"application\/ld+json\" class=\"yoast-schema-graph\">{\"@context\":\"https:\/\/schema.org\",\"@graph\":[{\"@type\":\"WebPage\",\"@id\":\"https:\/\/www.bonnlegal.eu\/anfahrt\",\"url\":\"https:\/\/www.bonnlegal.eu\/anfahrt\",\"name\":\"Anfahrt und B\u00fcrozeiten - Rechtsanwaltskanzlei Andreas Plettenberg\",\"isPartOf\":{\"@id\":\"https:\/\/www.bonnlegal.eu\/#website\"},\"primaryImageOfPage\":{\"@id\":\"https:\/\/www.bonnlegal.eu\/anfahrt#primaryimage\"},\"image\":{\"@id\":\"https:\/\/www.bonnlegal.eu\/anfahrt#primaryimage\"},\"thumbnailUrl\":\"https:\/\/www.bonnlegal.eu\/wp-content\/uploads\/bonn_800_600.jpg\",\"datePublished\":\"2020-03-13T06:59:39+00:00\",\"dateModified\":\"2025-09-30T04:15:25+00:00\",\"description\":\"Anfahrt und B\u00fcrozeiten. Rechtsanwalt Andreas Plettenberg, Fachanwalt f\u00fcr Arbeitsrecht und Familienrecht sowie Verfahrensbeistand in Bonn\",\"inLanguage\":\"en-GB\",\"potentialAction\":[{\"@type\":\"ReadAction\",\"target\":[\"https:\/\/www.bonnlegal.eu\/anfahrt\"]}]},{\"@type\":\"ImageObject\",\"inLanguage\":\"en-GB\",\"@id\":\"https:\/\/www.bonnlegal.eu\/anfahrt#primaryimage\",\"url\":\"https:\/\/www.bonnlegal.eu\/wp-content\/uploads\/bonn_800_600.jpg\",\"contentUrl\":\"https:\/\/www.bonnlegal.eu\/wp-content\/uploads\/bonn_800_600.jpg\",\"width\":800,\"height\":600,\"caption\":\"aerial of Bonn, the former capital of Germany\"},{\"@type\":\"WebSite\",\"@id\":\"https:\/\/www.bonnlegal.eu\/#website\",\"url\":\"https:\/\/www.bonnlegal.eu\/\",\"name\":\"Rechtsanwalt Andreas Plettenberg\",\"description\":\"Rechtsanwalt Andreas Plettenberg\",\"potentialAction\":[{\"@type\":\"SearchAction\",\"target\":{\"@type\":\"EntryPoint\",\"urlTemplate\":\"https:\/\/www.bonnlegal.eu\/?s={search_term_string}\"},\"query-input\":{\"@type\":\"PropertyValueSpecification\",\"valueRequired\":true,\"valueName\":\"search_term_string\"}}],\"inLanguage\":\"en-GB\"}]}<\/script>\n<!-- \/ Yoast SEO plugin. -->","yoast_head_json":{"title":"Directions and office hours - Andreas Plettenberg Law Office","description":"Directions and office hours. Lawyer Andreas Plettenberg, specialist lawyer for labour law and family law as well as procedural counsel in Bonn","robots":{"index":"index","follow":"follow","max-snippet":"max-snippet:-1","max-image-preview":"max-image-preview:large","max-video-preview":"max-video-preview:-1"},"canonical":"https:\/\/www.bonnlegal.eu\/en\/anfahrt\/","og_locale":"en_GB","og_type":"article","og_title":"Anfahrt und B\u00fcrozeiten - Rechtsanwaltskanzlei Andreas Plettenberg","og_description":"Anfahrt und B\u00fcrozeiten. Rechtsanwalt Andreas Plettenberg, Fachanwalt f\u00fcr Arbeitsrecht und Familienrecht sowie Verfahrensbeistand in Bonn","og_url":"https:\/\/www.bonnlegal.eu\/en\/anfahrt\/","og_site_name":"Rechtsanwalt Andreas Plettenberg","article_modified_time":"2025-09-30T04:15:25+00:00","og_image":[{"width":800,"height":600,"url":"https:\/\/www.bonnlegal.eu\/wp-content\/uploads\/bonn_800_600.jpg","type":"image\/jpeg"}],"twitter_card":"summary_large_image","twitter_misc":{"Estimated reading time":"2 minutes"},"schema":{"@context":"https:\/\/schema.org","@graph":[{"@type":"WebPage","@id":"https:\/\/www.bonnlegal.eu\/anfahrt","url":"https:\/\/www.bonnlegal.eu\/anfahrt","name":"Directions and office hours - Andreas Plettenberg Law Office","isPartOf":{"@id":"https:\/\/www.bonnlegal.eu\/#website"},"primaryImageOfPage":{"@id":"https:\/\/www.bonnlegal.eu\/anfahrt#primaryimage"},"image":{"@id":"https:\/\/www.bonnlegal.eu\/anfahrt#primaryimage"},"thumbnailUrl":"https:\/\/www.bonnlegal.eu\/wp-content\/uploads\/bonn_800_600.jpg","datePublished":"2020-03-13T06:59:39+00:00","dateModified":"2025-09-30T04:15:25+00:00","description":"Directions and office hours. Lawyer Andreas Plettenberg, specialist lawyer for labour law and family law as well as procedural counsel in Bonn","inLanguage":"en-GB","potentialAction":[{"@type":"ReadAction","target":["https:\/\/www.bonnlegal.eu\/anfahrt"]}]},{"@type":"ImageObject","inLanguage":"en-GB","@id":"https:\/\/www.bonnlegal.eu\/anfahrt#primaryimage","url":"https:\/\/www.bonnlegal.eu\/wp-content\/uploads\/bonn_800_600.jpg","contentUrl":"https:\/\/www.bonnlegal.eu\/wp-content\/uploads\/bonn_800_600.jpg","width":800,"height":600,"caption":"aerial of Bonn, the former capital of Germany"},{"@type":"WebSite","@id":"https:\/\/www.bonnlegal.eu\/#website","url":"https:\/\/www.bonnlegal.eu\/","name":"Lawyer Andreas Plettenberg","description":"Lawyer Andreas Plettenberg","potentialAction":[{"@type":"SearchAction","target":{"@type":"EntryPoint","urlTemplate":"https:\/\/www.bonnlegal.eu\/?s={search_term_string}"},"query-input":{"@type":"PropertyValueSpecification","valueRequired":true,"valueName":"search_term_string"}}],"inLanguage":"en-GB"}]}},"_links":{"self":[{"href":"https:\/\/www.bonnlegal.eu\/en\/wp-json\/wp\/v2\/pages\/2969","targetHints":{"allow":["GET"]}}],"collection":[{"href":"https:\/\/www.bonnlegal.eu\/en\/wp-json\/wp\/v2\/pages"}],"about":[{"href":"https:\/\/www.bonnlegal.eu\/en\/wp-json\/wp\/v2\/types\/page"}],"author":[{"embeddable":true,"href":"https:\/\/www.bonnlegal.eu\/en\/wp-json\/wp\/v2\/users\/1"}],"replies":[{"embeddable":true,"href":"https:\/\/www.bonnlegal.eu\/en\/wp-json\/wp\/v2\/comments?post=2969"}],"version-history":[{"count":2,"href":"https:\/\/www.bonnlegal.eu\/en\/wp-json\/wp\/v2\/pages\/2969\/revisions"}],"predecessor-version":[{"id":5403,"href":"https:\/\/www.bonnlegal.eu\/en\/wp-json\/wp\/v2\/pages\/2969\/revisions\/5403"}],"wp:featuredmedia":[{"embeddable":true,"href":"https:\/\/www.bonnlegal.eu\/en\/wp-json\/wp\/v2\/media\/5040"}],"wp:attachment":[{"href":"https:\/\/www.bonnlegal.eu\/en\/wp-json\/wp\/v2\/media?parent=2969"}],"curies":[{"name":"wp","href":"https:\/\/api.w.org\/{rel}","templated":true}]}}