{"id":2947,"date":"2020-03-12T16:55:12","date_gmt":"2020-03-12T16:55:12","guid":{"rendered":"https:\/\/www.bonnlegal.eu\/?page_id=2947"},"modified":"2022-07-20T05:28:42","modified_gmt":"2022-07-20T05:28:42","slug":"impressum","status":"publish","type":"page","link":"https:\/\/www.bonnlegal.eu\/fr\/impressum","title":{"rendered":"Impression"},"content":{"rendered":"<div class=\"wpb-content-wrapper\"><div class=\"vc_row wpb_row vc_row-fluid inner_container desktop-visible cneo-head vc_custom_1656758140480 vc_row-has-fill vc_rtl-columns-reverse vc_row-o-content-middle vc_row-flex\"><div class=\"wpb_column vc_column_container vc_col-sm-3\/5\"><div class=\"vc_column-inner vc_custom_1581831845353\"><div class=\"wpb_wrapper\">\n\t<div class=\"wpb_text_column wpb_content_element\" >\n\t\t<div class=\"wpb_wrapper\">\n\t\t\t\n\t\t<\/div>\n\t<\/div>\n<\/div><\/div><\/div><\/div><div class=\"vc_row wpb_row vc_row-fluid mobile-invisible cneo-head\"><div class=\"wpb_column vc_column_container vc_col-sm-12\"><div class=\"vc_column-inner\"><div class=\"wpb_wrapper\">\n\t<div  class=\"wpb_single_image wpb_content_element vc_align_left wpb_content_element\">\n\t\t\n\t\t<figure class=\"wpb_wrapper vc_figure\">\n\t\t\t<div class=\"vc_single_image-wrapper   vc_box_border_grey\"><img loading=\"lazy\" decoding=\"async\" width=\"800\" height=\"600\" src=\"https:\/\/www.bonnlegal.eu\/wp-content\/uploads\/bonn_800_600.jpg\" class=\"vc_single_image-img attachment-full\" alt=\"Ihr Rechtsanwalt in Bonn. Rechtsanwalt Andreas Plettenberg, Fachanwalt f\u00fcr Arbeitsrecht und Familienrecht sowie Verfahrensbeistand in Bonn\" title=\"vue a\u00e9rienne de Bonn, l&#039;ancienne capitale de l&#039;Allemagne\" srcset=\"https:\/\/www.bonnlegal.eu\/wp-content\/uploads\/bonn_800_600.jpg 800w, https:\/\/www.bonnlegal.eu\/wp-content\/uploads\/bonn_800_600-300x225.jpg 300w, https:\/\/www.bonnlegal.eu\/wp-content\/uploads\/bonn_800_600-768x576.jpg 768w, https:\/\/www.bonnlegal.eu\/wp-content\/uploads\/bonn_800_600-16x12.jpg 16w, https:\/\/www.bonnlegal.eu\/wp-content\/uploads\/bonn_800_600-100x75.jpg 100w\" sizes=\"auto, (max-width: 800px) 100vw, 800px\" \/><\/div>\n\t\t<\/figure>\n\t<\/div>\n<\/div><\/div><\/div><\/div><div class=\"vc_row wpb_row vc_row-fluid inner_container_fixed vc_custom_1584032465510 vc_row-has-fill\"><div class=\"wpb_column vc_column_container vc_col-sm-12\"><div class=\"vc_column-inner\"><div class=\"wpb_wrapper\">\n\t<div class=\"wpb_text_column wpb_content_element\" >\n\t\t<div class=\"wpb_wrapper\">\n\t\t\t<h1 style=\"text-align: center;\">Impression<\/h1>\n<h2>Informations selon \u00a7 5 TMG :<\/h2>\n<p>Andreas Plettenberg<br \/>\nAvocat<br \/>\nDans la S\u00fcrst 3<br \/>\n53111 Bonn<\/p>\n<h2>Contact :<\/h2>\n<p>T\u00e9l\u00e9phone : 0228 90 27900<br \/>\nT\u00e9l\u00e9copieur : 0228 9027910<br \/>\nCourrier \u00e9lectronique : info@kanzlei-am-martinsbrunnen.de<\/p>\n<h2>la taxe sur le chiffre d'affaires :<\/h2>\n<p>Num\u00e9ro d'identification de la taxe sur le chiffre d'affaires conform\u00e9ment au \u00a727 a de la loi sur la taxe sur le chiffre d'affaires :<br \/>\nFR187356268<\/p>\n<h2>Titre professionnel et r\u00e8gles professionnelles<\/h2>\n<p>Titre professionnel : Avocats<br \/>\nChambre comp\u00e9tente : RAK K\u00f6ln<br \/>\nD\u00e9cern\u00e9 par : Allemagne<br \/>\nLes r\u00e8gles professionnelles suivantes s'appliquent :<br \/>\nBRAO - Code f\u00e9d\u00e9ral du barreau<br \/>\nBORA - Code de d\u00e9ontologie des avocats<br \/>\nFAO - R\u00e8glement relatif aux avocats sp\u00e9cialis\u00e9s<br \/>\nBRAGO - R\u00e8glement f\u00e9d\u00e9ral sur les honoraires des avocats<br \/>\nRVG - Loi sur la r\u00e9mun\u00e9ration des avocats<br \/>\nCCBE - Code de d\u00e9ontologie des avocats de la Communaut\u00e9 europ\u00e9enne<br \/>\nEuRAG - Loi sur l'activit\u00e9 des avocats europ\u00e9ens en Allemagne<br \/>\nR\u00e9glementations consultables sous :\u00a0<a href=\"http:\/\/www.brak.de\/\" target=\"_blank\" rel=\"noopener\">http:\/\/www.brak.de\/<\/a><\/p>\n<h2>Informations sur l'assurance responsabilit\u00e9 civile professionnelle<\/h2>\n<p>Nom et si\u00e8ge de l'assureur :<br \/>\nAllianz Versicherungs-Aktiengesellschaft (soci\u00e9t\u00e9 anonyme d'assurance)<br \/>\n10900 Berlin<\/p>\n<p>Zone de couverture de l'assurance : UE<\/p>\n<h2>R\u00e8glement des litiges<\/h2>\n<p>La Commission europ\u00e9enne met \u00e0 disposition une plateforme de r\u00e8glement en ligne des litiges (RLL) :\u00a0<a href=\"https:\/\/ec.europa.eu\/consumers\/odr\" target=\"_blank\" rel=\"noopener\">https:\/\/ec.europa.eu\/consumers\/odr<\/a>.<br \/>\nVous trouverez notre adresse e-mail en haut dans les mentions l\u00e9gales.<\/p>\n<p>Nous ne sommes pas pr\u00eats ou oblig\u00e9s de participer \u00e0 des proc\u00e9dures de r\u00e8glement des litiges devant un organisme de conciliation des consommateurs.<\/p>\n<h3>Responsabilit\u00e9 du contenu<\/h3>\n<p>En tant que prestataire de services, nous sommes responsables, conform\u00e9ment au \u00a7 7 alin\u00e9a 1 de la loi allemande sur les t\u00e9l\u00e9m\u00e9dias (TMG), de nos propres contenus sur ces pages selon les lois g\u00e9n\u00e9rales. Selon les \u00a7\u00a7 8 \u00e0 10 de la TMG, nous ne sommes toutefois pas tenus, en tant que prestataire de services, de surveiller les informations externes transmises ou enregistr\u00e9es ou de rechercher les circonstances qui indiquent une activit\u00e9 ill\u00e9gale.<\/p>\n<p>Les obligations de supprimer ou de bloquer l'utilisation d'informations conform\u00e9ment aux lois g\u00e9n\u00e9rales restent inchang\u00e9es. Une responsabilit\u00e9 \u00e0 cet \u00e9gard n'est toutefois possible qu'\u00e0 partir du moment o\u00f9 une violation concr\u00e8te de la loi est connue. D\u00e8s la prise de connaissance d'une telle violation de la loi, nous supprimerons imm\u00e9diatement ces contenus.<\/p>\n<h3>Responsabilit\u00e9 pour les liens<\/h3>\n<p>Notre offre contient des liens vers des sites web externes de tiers, sur le contenu desquels nous n'avons aucune influence. C'est pourquoi nous ne pouvons pas non plus nous porter garants de ces contenus externes. Le fournisseur ou l'exploitant des pages li\u00e9es est toujours responsable des contenus de ces pages. Les pages li\u00e9es ont \u00e9t\u00e9 contr\u00f4l\u00e9es au moment de la cr\u00e9ation du lien afin de v\u00e9rifier qu'elles ne pr\u00e9sentaient pas d'infraction \u00e0 la loi. Aucun contenu ill\u00e9gal n'a \u00e9t\u00e9 identifi\u00e9 au moment de la cr\u00e9ation des liens.<\/p>\n<p>Un contr\u00f4le permanent du contenu des pages li\u00e9es n'est toutefois pas exigible sans indices concrets d'une violation de la loi. D\u00e8s que nous aurons connaissance d'une violation de la loi, nous supprimerons imm\u00e9diatement les liens concern\u00e9s.<\/p>\n<h3>Droit d'auteur<\/h3>\n<p>Les contenus et les \u0153uvres cr\u00e9\u00e9s par les exploitants de ces pages sont soumis au droit d'auteur allemand. La reproduction, le traitement, la diffusion et toute forme d'exploitation en dehors des limites du droit d'auteur requi\u00e8rent l'accord \u00e9crit de l'auteur ou du cr\u00e9ateur concern\u00e9. Les t\u00e9l\u00e9chargements et les copies de ce site ne sont autoris\u00e9s que pour un usage priv\u00e9 et non commercial.<\/p>\n<p>Dans la mesure o\u00f9 les contenus de ce site n'ont pas \u00e9t\u00e9 cr\u00e9\u00e9s par l'exploitant, les droits d'auteur de tiers sont respect\u00e9s. Les contenus de tiers sont notamment identifi\u00e9s comme tels. Si vous deviez malgr\u00e9 tout constater une violation des droits d'auteur<a href=\"\/fr\/familienrecht\/\">,<\/a> nous vous prions de nous en informer. D\u00e8s que nous aurons connaissance de violations de la loi, nous retirerons imm\u00e9diatement les contenus en question.<\/p>\n<h2>Cr\u00e9dit photo dans les mentions l\u00e9gales<\/h2>\n<p>Andreas Plettenberg ; Adobe Stock Images : <a href=\"https:\/\/stock.adobe.com\/de\/images\/set-of-men-and-women-in-various-business-clothes-on-a-white-background-concept-of-team-vector-graphic-flat-design\/315185725\">#315185725<\/a>, <a href=\"https:\/\/stock.adobe.com\/de\/images\/set-of-men-and-women-in-various-business-clothes-on-a-white-background-concept-of-team-vector-graphic-flat-design\/285236166\">#285236166<\/a>, <a href=\"https:\/\/stock.adobe.com\/de\/images\/choosing-color-palette\/103694982\">#103694982<\/a>, <a href=\"https:\/\/stock.adobe.com\/de\/images\/graphic-designer-artist-working\/376092111\">#376092111<\/a>, <a href=\"https:\/\/stock.adobe.com\/de\/images\/businessperson-videoconferencing-with-colleagues-on-laptop\/323153188\">#323153188<\/a>, <a href=\"https:\/\/stock.adobe.com\/de\/images\/sealing-a-deal-business-people-shaking-hands-finishing-up-meeting-in-corporate-office-businessmen-working-on-laptop-seen-in-glass-reflection-business-and-entrepreneurship-concept\/135245078\">#135245078<\/a>, <a href=\"https:\/\/stock.adobe.com\/de\/images\/graphic-designer-or-creative-working-together-coloring-using-graphics-tablet-and-a-stylus-at-desk-with-colleague\/437632260\">#437632260<\/a>, <a href=\"https:\/\/stock.adobe.com\/de\/images\/online-tax-filing\/193773198\">#193773198<\/a>, <a href=\"https:\/\/stock.adobe.com\/de\/images\/magazines\/28466262\">#28466262<\/a>, <a href=\"https:\/\/stock.adobe.com\/de\/images\/universal-icon-set-100-icons\/48711261\">#48711261<\/a>, <a href=\"https:\/\/stock.adobe.com\/de\/images\/set-of-seo-and-marketing-icons\/52314819\">#52314819<\/a>, <a href=\"https:\/\/stock.adobe.com\/de\/images\/set-of-seo-and-development-icons\/52314816\">#52314816<\/a>, <a href=\"https:\/\/stock.adobe.com\/de\/images\/media-and-advertising-icons\/52130724\">#52130724<\/a><\/p>\n\n\t\t<\/div>\n\t<\/div>\n<\/div><\/div><\/div><\/div>\n<\/div>","protected":false},"excerpt":{"rendered":"Mentions l\u00e9gales Informations selon \u00a7 5 TMG : Andreas Plettenberg Avocat In der S\u00fcrst 3 53111 Bonn Contact : T\u00e9l\u00e9phone : 0228 90 27900 T\u00e9l\u00e9copie : 0228 9027910 E-mail : info@kanzlei-am-martinsbrunnen.de Taxe sur le chiffre d'affaires : Num\u00e9ro d'identification de la taxe sur le chiffre d'affaires conform\u00e9ment au \u00a727 a de la loi sur la taxe sur le chiffre d'affaires : DE187356268 Titre professionnel et r\u00e9glementations professionnelles Titre professionnel : Avocats Chambre comp\u00e9tente : RAK K\u00f6ln D\u00e9livr\u00e9 par : Allemagne Les r\u00e8gles professionnelles suivantes sont applicables : BRAO - Code f\u00e9d\u00e9ral du barreau BORA - Code de d\u00e9ontologie des avocats FAO - ... <a href=\"https:\/\/www.bonnlegal.eu\/fr\/impressum\" class=\"more-link\">Lire la suite<\/a>","protected":false},"author":1,"featured_media":5040,"parent":0,"menu_order":0,"comment_status":"closed","ping_status":"closed","template":"template-blank-4.php","meta":{"footnotes":""},"class_list":["post-2947","page","type-page","status-publish","has-post-thumbnail","hentry"],"yoast_head":"<!-- This site is optimized with the Yoast SEO plugin v27.2 - https:\/\/yoast.com\/product\/yoast-seo-wordpress\/ -->\n<title>Impressum - Rechtsanwaltskanzlei Andreas Plettenberg<\/title>\n<meta name=\"description\" content=\"Impressum von Rechtsanwalt Andreas Plettenberg, Fachanwalt f\u00fcr Arbeitsrecht und Familienrecht sowie Verfahrensbeistand in Bonn\" \/>\n<meta name=\"robots\" content=\"index, follow, max-snippet:-1, max-image-preview:large, max-video-preview:-1\" \/>\n<link rel=\"canonical\" href=\"https:\/\/www.bonnlegal.eu\/fr\/impressum\/\" \/>\n<meta property=\"og:locale\" content=\"fr_FR\" \/>\n<meta property=\"og:type\" content=\"article\" \/>\n<meta property=\"og:title\" content=\"Impressum - Rechtsanwaltskanzlei Andreas Plettenberg\" \/>\n<meta property=\"og:description\" content=\"Impressum von Rechtsanwalt Andreas Plettenberg, Fachanwalt f\u00fcr Arbeitsrecht und Familienrecht sowie Verfahrensbeistand in Bonn\" \/>\n<meta property=\"og:url\" content=\"https:\/\/www.bonnlegal.eu\/fr\/impressum\/\" \/>\n<meta property=\"og:site_name\" content=\"Rechtsanwalt Andreas Plettenberg\" \/>\n<meta property=\"article:modified_time\" content=\"2022-07-20T05:28:42+00:00\" \/>\n<meta property=\"og:image\" content=\"https:\/\/www.bonnlegal.eu\/wp-content\/uploads\/bonn_800_600.jpg\" \/>\n\t<meta property=\"og:image:width\" content=\"800\" \/>\n\t<meta property=\"og:image:height\" content=\"600\" \/>\n\t<meta property=\"og:image:type\" content=\"image\/jpeg\" \/>\n<meta name=\"twitter:card\" content=\"summary_large_image\" \/>\n<meta name=\"twitter:label1\" content=\"Dur\u00e9e de lecture estim\u00e9e\" \/>\n\t<meta name=\"twitter:data1\" content=\"3 minutes\" \/>\n<script type=\"application\/ld+json\" class=\"yoast-schema-graph\">{\"@context\":\"https:\/\/schema.org\",\"@graph\":[{\"@type\":\"WebPage\",\"@id\":\"https:\/\/www.bonnlegal.eu\/impressum\",\"url\":\"https:\/\/www.bonnlegal.eu\/impressum\",\"name\":\"Impressum - Rechtsanwaltskanzlei Andreas Plettenberg\",\"isPartOf\":{\"@id\":\"https:\/\/www.bonnlegal.eu\/#website\"},\"primaryImageOfPage\":{\"@id\":\"https:\/\/www.bonnlegal.eu\/impressum#primaryimage\"},\"image\":{\"@id\":\"https:\/\/www.bonnlegal.eu\/impressum#primaryimage\"},\"thumbnailUrl\":\"https:\/\/www.bonnlegal.eu\/wp-content\/uploads\/bonn_800_600.jpg\",\"datePublished\":\"2020-03-12T16:55:12+00:00\",\"dateModified\":\"2022-07-20T05:28:42+00:00\",\"description\":\"Impressum von Rechtsanwalt Andreas Plettenberg, Fachanwalt f\u00fcr Arbeitsrecht und Familienrecht sowie Verfahrensbeistand in Bonn\",\"inLanguage\":\"fr-FR\",\"potentialAction\":[{\"@type\":\"ReadAction\",\"target\":[\"https:\/\/www.bonnlegal.eu\/impressum\"]}]},{\"@type\":\"ImageObject\",\"inLanguage\":\"fr-FR\",\"@id\":\"https:\/\/www.bonnlegal.eu\/impressum#primaryimage\",\"url\":\"https:\/\/www.bonnlegal.eu\/wp-content\/uploads\/bonn_800_600.jpg\",\"contentUrl\":\"https:\/\/www.bonnlegal.eu\/wp-content\/uploads\/bonn_800_600.jpg\",\"width\":800,\"height\":600,\"caption\":\"aerial of Bonn, the former capital of Germany\"},{\"@type\":\"WebSite\",\"@id\":\"https:\/\/www.bonnlegal.eu\/#website\",\"url\":\"https:\/\/www.bonnlegal.eu\/\",\"name\":\"Rechtsanwalt Andreas Plettenberg\",\"description\":\"Rechtsanwalt Andreas Plettenberg\",\"potentialAction\":[{\"@type\":\"SearchAction\",\"target\":{\"@type\":\"EntryPoint\",\"urlTemplate\":\"https:\/\/www.bonnlegal.eu\/?s={search_term_string}\"},\"query-input\":{\"@type\":\"PropertyValueSpecification\",\"valueRequired\":true,\"valueName\":\"search_term_string\"}}],\"inLanguage\":\"fr-FR\"}]}<\/script>\n<!-- \/ Yoast SEO plugin. -->","yoast_head_json":{"title":"Mentions l\u00e9gales - Cabinet d'avocats Andreas Plettenberg","description":"Mentions l\u00e9gales de Ma\u00eetre Andreas Plettenberg, avocat sp\u00e9cialis\u00e9 en droit du travail et en droit de la famille ainsi que curateur de proc\u00e9dure \u00e0 Bonn","robots":{"index":"index","follow":"follow","max-snippet":"max-snippet:-1","max-image-preview":"max-image-preview:large","max-video-preview":"max-video-preview:-1"},"canonical":"https:\/\/www.bonnlegal.eu\/fr\/impressum\/","og_locale":"fr_FR","og_type":"article","og_title":"Impressum - Rechtsanwaltskanzlei Andreas Plettenberg","og_description":"Impressum von Rechtsanwalt Andreas Plettenberg, Fachanwalt f\u00fcr Arbeitsrecht und Familienrecht sowie Verfahrensbeistand in Bonn","og_url":"https:\/\/www.bonnlegal.eu\/fr\/impressum\/","og_site_name":"Rechtsanwalt Andreas Plettenberg","article_modified_time":"2022-07-20T05:28:42+00:00","og_image":[{"width":800,"height":600,"url":"https:\/\/www.bonnlegal.eu\/wp-content\/uploads\/bonn_800_600.jpg","type":"image\/jpeg"}],"twitter_card":"summary_large_image","twitter_misc":{"Dur\u00e9e de lecture estim\u00e9e":"3 minutes"},"schema":{"@context":"https:\/\/schema.org","@graph":[{"@type":"WebPage","@id":"https:\/\/www.bonnlegal.eu\/impressum","url":"https:\/\/www.bonnlegal.eu\/impressum","name":"Mentions l\u00e9gales - Cabinet d'avocats Andreas Plettenberg","isPartOf":{"@id":"https:\/\/www.bonnlegal.eu\/#website"},"primaryImageOfPage":{"@id":"https:\/\/www.bonnlegal.eu\/impressum#primaryimage"},"image":{"@id":"https:\/\/www.bonnlegal.eu\/impressum#primaryimage"},"thumbnailUrl":"https:\/\/www.bonnlegal.eu\/wp-content\/uploads\/bonn_800_600.jpg","datePublished":"2020-03-12T16:55:12+00:00","dateModified":"2022-07-20T05:28:42+00:00","description":"Mentions l\u00e9gales de Ma\u00eetre Andreas Plettenberg, avocat sp\u00e9cialis\u00e9 en droit du travail et en droit de la famille ainsi que curateur de proc\u00e9dure \u00e0 Bonn","inLanguage":"fr-FR","potentialAction":[{"@type":"ReadAction","target":["https:\/\/www.bonnlegal.eu\/impressum"]}]},{"@type":"ImageObject","inLanguage":"fr-FR","@id":"https:\/\/www.bonnlegal.eu\/impressum#primaryimage","url":"https:\/\/www.bonnlegal.eu\/wp-content\/uploads\/bonn_800_600.jpg","contentUrl":"https:\/\/www.bonnlegal.eu\/wp-content\/uploads\/bonn_800_600.jpg","width":800,"height":600,"caption":"aerial of Bonn, the former capital of Germany"},{"@type":"WebSite","@id":"https:\/\/www.bonnlegal.eu\/#website","url":"https:\/\/www.bonnlegal.eu\/","name":"Avocat Andreas Plettenberg","description":"Avocat Andreas Plettenberg","potentialAction":[{"@type":"SearchAction","target":{"@type":"EntryPoint","urlTemplate":"https:\/\/www.bonnlegal.eu\/?s={search_term_string}"},"query-input":{"@type":"PropertyValueSpecification","valueRequired":true,"valueName":"search_term_string"}}],"inLanguage":"fr-FR"}]}},"_links":{"self":[{"href":"https:\/\/www.bonnlegal.eu\/fr\/wp-json\/wp\/v2\/pages\/2947","targetHints":{"allow":["GET"]}}],"collection":[{"href":"https:\/\/www.bonnlegal.eu\/fr\/wp-json\/wp\/v2\/pages"}],"about":[{"href":"https:\/\/www.bonnlegal.eu\/fr\/wp-json\/wp\/v2\/types\/page"}],"author":[{"embeddable":true,"href":"https:\/\/www.bonnlegal.eu\/fr\/wp-json\/wp\/v2\/users\/1"}],"replies":[{"embeddable":true,"href":"https:\/\/www.bonnlegal.eu\/fr\/wp-json\/wp\/v2\/comments?post=2947"}],"version-history":[{"count":0,"href":"https:\/\/www.bonnlegal.eu\/fr\/wp-json\/wp\/v2\/pages\/2947\/revisions"}],"wp:featuredmedia":[{"embeddable":true,"href":"https:\/\/www.bonnlegal.eu\/fr\/wp-json\/wp\/v2\/media\/5040"}],"wp:attachment":[{"href":"https:\/\/www.bonnlegal.eu\/fr\/wp-json\/wp\/v2\/media?parent=2947"}],"curies":[{"name":"wp","href":"https:\/\/api.w.org\/{rel}","templated":true}]}}