{"id":3047,"date":"2020-03-14T14:31:03","date_gmt":"2020-03-14T14:31:03","guid":{"rendered":"https:\/\/www.bonnlegal.eu\/?page_id=3047"},"modified":"2024-02-26T16:41:33","modified_gmt":"2024-02-26T16:41:33","slug":"kontakt_1","status":"publish","type":"page","link":"https:\/\/www.bonnlegal.eu\/fr\/kontakt_1","title":{"rendered":"Contact"},"content":{"rendered":"<div class=\"wpb-content-wrapper\"><div class=\"vc_row wpb_row vc_row-fluid inner_container desktop-visible cneo-head vc_custom_1656757521760 vc_row-has-fill vc_rtl-columns-reverse vc_row-o-content-middle vc_row-flex\"><div class=\"wpb_column vc_column_container vc_col-sm-3\/5\"><div class=\"vc_column-inner vc_custom_1581831845353\"><div class=\"wpb_wrapper\">\n\t<div class=\"wpb_text_column wpb_content_element\" >\n\t\t<div class=\"wpb_wrapper\">\n\t\t\t\n\t\t<\/div>\n\t<\/div>\n<\/div><\/div><\/div><\/div><div class=\"vc_row wpb_row vc_row-fluid mobile-invisible cneo-head\"><div class=\"wpb_column vc_column_container vc_col-sm-12\"><div class=\"vc_column-inner\"><div class=\"wpb_wrapper\">\n\t<div  class=\"wpb_single_image wpb_content_element vc_align_left wpb_content_element\">\n\t\t\n\t\t<figure class=\"wpb_wrapper vc_figure\">\n\t\t\t<div class=\"vc_single_image-wrapper   vc_box_border_grey\"><img loading=\"lazy\" decoding=\"async\" width=\"800\" height=\"600\" src=\"https:\/\/www.bonnlegal.eu\/wp-content\/uploads\/bonn_800_600.jpg\" class=\"vc_single_image-img attachment-full\" alt=\"Ihr Rechtsanwalt in Bonn. Rechtsanwalt Andreas Plettenberg, Fachanwalt f\u00fcr Arbeitsrecht und Familienrecht sowie Verfahrensbeistand in Bonn\" title=\"vue a\u00e9rienne de Bonn, l&#039;ancienne capitale de l&#039;Allemagne\" srcset=\"https:\/\/www.bonnlegal.eu\/wp-content\/uploads\/bonn_800_600.jpg 800w, https:\/\/www.bonnlegal.eu\/wp-content\/uploads\/bonn_800_600-300x225.jpg 300w, https:\/\/www.bonnlegal.eu\/wp-content\/uploads\/bonn_800_600-768x576.jpg 768w, https:\/\/www.bonnlegal.eu\/wp-content\/uploads\/bonn_800_600-16x12.jpg 16w, https:\/\/www.bonnlegal.eu\/wp-content\/uploads\/bonn_800_600-100x75.jpg 100w\" sizes=\"auto, (max-width: 800px) 100vw, 800px\" \/><\/div>\n\t\t<\/figure>\n\t<\/div>\n<\/div><\/div><\/div><\/div><div class=\"vc_row wpb_row vc_row-fluid inner_container vc_custom_1584084628757 vc_row-has-fill\"><div class=\"wpb_column vc_column_container vc_col-sm-12\"><div class=\"vc_column-inner\"><div class=\"wpb_wrapper\"><div class=\"vc_empty_space\"   style=\"height: 32px\"><span class=\"vc_empty_space_inner\"><\/span><\/div><\/div><\/div><\/div><\/div><div class=\"vc_row wpb_row vc_row-fluid inner_container_fixed\"><div class=\"wpb_column vc_column_container vc_col-sm-12\"><div class=\"vc_column-inner\"><div class=\"wpb_wrapper\">\n\t<div class=\"wpb_text_column wpb_content_element\" >\n\t\t<div class=\"wpb_wrapper\">\n\t\t\t<h1 style=\"text-align: center;\">CONTACTEZ-NOUS<\/h1>\n<p style=\"text-align: center;\">Il suffit de remplir le formulaire ci-dessous et de le soumettre. Nous vous contacterons d\u00e8s que possible.<\/p>\n\n\t\t<\/div>\n\t<\/div>\n<\/div><\/div><\/div><\/div><div class=\"vc_row wpb_row vc_row-fluid inner_container_fixed\"><div class=\"wpb_column vc_column_container vc_col-sm-12\"><div class=\"vc_column-inner\"><div class=\"wpb_wrapper\">\n<div class=\"wpcf7 no-js\" id=\"wpcf7-f5389-o1\" lang=\"de-DE\" dir=\"ltr\" data-wpcf7-id=\"5389\">\n<div class=\"screen-reader-response\"><p role=\"status\" aria-live=\"polite\" aria-atomic=\"true\"><\/p> <ul><\/ul><\/div>\n<form action=\"\/fr\/wp-json\/wp\/v2\/pages\/3047#wpcf7-f5389-o1\" method=\"post\" class=\"wpcf7-form init\" aria-label=\"Kontaktformular\" enctype=\"multipart\/form-data\" novalidate=\"novalidate\" data-status=\"init\" data-trp-original-action=\"\/fr\/wp-json\/wp\/v2\/pages\/3047#wpcf7-f5389-o1\">\n<fieldset class=\"hidden-fields-container\"><input type=\"hidden\" name=\"_wpcf7\" value=\"5389\" \/><input type=\"hidden\" name=\"_wpcf7_version\" value=\"6.1.5\" \/><input type=\"hidden\" name=\"_wpcf7_locale\" value=\"de_DE\" \/><input type=\"hidden\" name=\"_wpcf7_unit_tag\" value=\"wpcf7-f5389-o1\" \/><input type=\"hidden\" name=\"_wpcf7_container_post\" value=\"0\" \/><input type=\"hidden\" name=\"_wpcf7_posted_data_hash\" value=\"\" \/>\n<\/fieldset>\n<p><label> Votre nom (champ obligatoire)<br \/>\n<span class=\"wpcf7-form-control-wrap\" data-name=\"your-name\"><input size=\"40\" maxlength=\"400\" class=\"wpcf7-form-control wpcf7-text wpcf7-validates-as-required\" aria-required=\"true\" aria-invalid=\"false\" value=\"\" type=\"text\" name=\"your-name\" \/><\/span> <\/label>\n<\/p>\n<p><label> Votre adresse e-mail (champ obligatoire)<br \/>\n<span class=\"wpcf7-form-control-wrap\" data-name=\"your-email\"><input size=\"40\" maxlength=\"400\" class=\"wpcf7-form-control wpcf7-email wpcf7-validates-as-required wpcf7-text wpcf7-validates-as-email\" aria-required=\"true\" aria-invalid=\"false\" value=\"\" type=\"email\" name=\"your-email\" \/><\/span> <\/label>\n<\/p>\n<p><label> Ihre Rufnummer (Pflichtfeld)<br \/>\n<span class=\"wpcf7-form-control-wrap\" data-name=\"your-number\"><input size=\"40\" maxlength=\"400\" class=\"wpcf7-form-control wpcf7-text wpcf7-validates-as-required\" aria-required=\"true\" aria-invalid=\"false\" value=\"\" type=\"text\" name=\"your-number\" \/><\/span> <\/label>\n<\/p>\n<p><label> Sujet<br \/>\n<span class=\"wpcf7-form-control-wrap\" data-name=\"your-subject\"><input size=\"40\" maxlength=\"400\" class=\"wpcf7-form-control wpcf7-text\" aria-invalid=\"false\" value=\"\" type=\"text\" name=\"your-subject\" \/><\/span> <\/label>\n<\/p>\n<p><label> Votre message<br \/>\n<span class=\"wpcf7-form-control-wrap\" data-name=\"your-message\"><textarea cols=\"40\" rows=\"10\" maxlength=\"2000\" class=\"wpcf7-form-control wpcf7-textarea\" aria-invalid=\"false\" name=\"your-message\"><\/textarea><\/span> <\/label>\n<\/p>\n<p>Hier haben Sie die M\u00f6glichkeit, uns Dateien zu \u00fcbermitteln. Zugelassene Formate sind jpg oder pdf, die maximale Dateigr\u00f6\u00dfe betr\u00e4gt 7MB pro Datei:<br \/>\n<span class=\"wpcf7-form-control-wrap\" data-name=\"file-463\"><input size=\"40\" class=\"wpcf7-form-control wpcf7-file\" accept=\".jpg,.pdf\" aria-invalid=\"false\" type=\"file\" name=\"file-463\" \/><\/span>\n<\/p>\n<p><span class=\"wpcf7-form-control-wrap\" data-name=\"file-464\"><input size=\"40\" class=\"wpcf7-form-control wpcf7-file\" accept=\".jpg,.pdf\" aria-invalid=\"false\" type=\"file\" name=\"file-464\" \/><\/span>\n<\/p>\n<p><span class=\"wpcf7-form-control-wrap\" data-name=\"file-465\"><input size=\"40\" class=\"wpcf7-form-control wpcf7-file\" accept=\".jpg,.pdf\" aria-invalid=\"false\" type=\"file\" name=\"file-465\" \/><\/span>\n<\/p>\n<p>Vous recevrez un e-mail de confirmation avec les donn\u00e9es que vous avez saisies.\n<\/p>\n<p><input class=\"wpcf7-form-control wpcf7-submit has-spinner\" type=\"submit\" value=\"Envoyer\" \/>\n<\/p>\n<p><span id=\"wpcf7-69e5b6a841b94-wrapper\" class=\"wpcf7-form-control-wrap honeypotemailwebsitexsqmai-wrap\" style=\"display:none !important; visibility:hidden !important;\"><label for=\"wpcf7-69e5b6a841b94-field\" class=\"hp-message\">Bitte lasse dieses Feld leer.<\/label><input id=\"wpcf7-69e5b6a841b94-field\"  class=\"wpcf7-form-control wpcf7-text\" type=\"text\" name=\"honeypotemailwebsitexsqmai\" value=\"\" size=\"40\" tabindex=\"-1\" autocomplete=\"new-password\" \/><\/span>\n<\/p><div class=\"wpcf7-response-output\" aria-hidden=\"true\"><\/div>\n<input type=\"hidden\" name=\"trp-form-language\" value=\"fr\"\/><\/form>\n<\/div>\n<\/div><\/div><\/div><\/div>\n<\/div>","protected":false},"excerpt":{"rendered":"NEHMEN SIE KONTAKT MIT UNS AUF F\u00fcllen Sie einfach das unten stehende Formular aus und schicken es ab. Wir werden uns so schnell wie m\u00f6glich mit Ihnen in Verbindung setzen. Ihr Name (Pflichtfeld) Ihre E-Mail-Adresse (Pflichtfeld) Ihre Rufnummer (Pflichtfeld) Betreff Ihre Nachricht Hier haben Sie die M\u00f6glichkeit, uns Dateien zu \u00fcbermitteln. Zugelassene Formate sind jpg oder pdf, die maximale Dateigr\u00f6\u00dfe ... <a href=\"https:\/\/www.bonnlegal.eu\/fr\/kontakt_1\" class=\"more-link\">Lire la suite<\/a>","protected":false},"author":1,"featured_media":0,"parent":0,"menu_order":0,"comment_status":"closed","ping_status":"closed","template":"template-blank-4.php","meta":{"footnotes":""},"class_list":["post-3047","page","type-page","status-publish","hentry","no-post-thumbnail"],"yoast_head":"<!-- This site is optimized with the Yoast SEO plugin v27.2 - https:\/\/yoast.com\/product\/yoast-seo-wordpress\/ -->\n<title>Kontakt - Rechtsanwaltskanzlei Andreas Plettenberg<\/title>\n<meta name=\"description\" content=\"Kontakt zu Rechtsanwalt Andreas Plettenberg, Fachanwalt f\u00fcr Arbeitsrecht und Familienrecht sowie Verfahrensbeistand in Bonn\" \/>\n<meta name=\"robots\" content=\"index, follow, max-snippet:-1, max-image-preview:large, max-video-preview:-1\" \/>\n<link rel=\"canonical\" href=\"https:\/\/www.bonnlegal.eu\/fr\/kontakt_1\/\" \/>\n<meta property=\"og:locale\" content=\"fr_FR\" \/>\n<meta property=\"og:type\" content=\"article\" \/>\n<meta property=\"og:title\" content=\"Kontakt - Rechtsanwaltskanzlei Andreas Plettenberg\" \/>\n<meta property=\"og:description\" content=\"Kontakt zu Rechtsanwalt Andreas Plettenberg, Fachanwalt f\u00fcr Arbeitsrecht und Familienrecht sowie Verfahrensbeistand in Bonn\" \/>\n<meta property=\"og:url\" content=\"https:\/\/www.bonnlegal.eu\/fr\/kontakt_1\/\" \/>\n<meta property=\"og:site_name\" content=\"Rechtsanwalt Andreas Plettenberg\" \/>\n<meta property=\"article:modified_time\" content=\"2024-02-26T16:41:33+00:00\" \/>\n<meta name=\"twitter:card\" content=\"summary_large_image\" \/>\n<meta name=\"twitter:label1\" content=\"Dur\u00e9e de lecture estim\u00e9e\" \/>\n\t<meta name=\"twitter:data1\" content=\"1 minute\" \/>\n<script type=\"application\/ld+json\" class=\"yoast-schema-graph\">{\"@context\":\"https:\/\/schema.org\",\"@graph\":[{\"@type\":\"WebPage\",\"@id\":\"https:\/\/www.bonnlegal.eu\/kontakt_1\",\"url\":\"https:\/\/www.bonnlegal.eu\/kontakt_1\",\"name\":\"Kontakt - Rechtsanwaltskanzlei Andreas Plettenberg\",\"isPartOf\":{\"@id\":\"https:\/\/www.bonnlegal.eu\/#website\"},\"datePublished\":\"2020-03-14T14:31:03+00:00\",\"dateModified\":\"2024-02-26T16:41:33+00:00\",\"description\":\"Kontakt zu Rechtsanwalt Andreas Plettenberg, Fachanwalt f\u00fcr Arbeitsrecht und Familienrecht sowie Verfahrensbeistand in Bonn\",\"inLanguage\":\"fr-FR\",\"potentialAction\":[{\"@type\":\"ReadAction\",\"target\":[\"https:\/\/www.bonnlegal.eu\/kontakt_1\"]}]},{\"@type\":\"WebSite\",\"@id\":\"https:\/\/www.bonnlegal.eu\/#website\",\"url\":\"https:\/\/www.bonnlegal.eu\/\",\"name\":\"Rechtsanwalt Andreas Plettenberg\",\"description\":\"Rechtsanwalt Andreas Plettenberg\",\"potentialAction\":[{\"@type\":\"SearchAction\",\"target\":{\"@type\":\"EntryPoint\",\"urlTemplate\":\"https:\/\/www.bonnlegal.eu\/?s={search_term_string}\"},\"query-input\":{\"@type\":\"PropertyValueSpecification\",\"valueRequired\":true,\"valueName\":\"search_term_string\"}}],\"inLanguage\":\"fr-FR\"}]}<\/script>\n<!-- \/ Yoast SEO plugin. -->","yoast_head_json":{"title":"Contact - Cabinet d'avocats Andreas Plettenberg","description":"Contact avec l'avocat Andreas Plettenberg, sp\u00e9cialiste du droit du travail et du droit de la famille ainsi que curateur de proc\u00e9dure \u00e0 Bonn","robots":{"index":"index","follow":"follow","max-snippet":"max-snippet:-1","max-image-preview":"max-image-preview:large","max-video-preview":"max-video-preview:-1"},"canonical":"https:\/\/www.bonnlegal.eu\/fr\/kontakt_1\/","og_locale":"fr_FR","og_type":"article","og_title":"Kontakt - Rechtsanwaltskanzlei Andreas Plettenberg","og_description":"Kontakt zu Rechtsanwalt Andreas Plettenberg, Fachanwalt f\u00fcr Arbeitsrecht und Familienrecht sowie Verfahrensbeistand in Bonn","og_url":"https:\/\/www.bonnlegal.eu\/fr\/kontakt_1\/","og_site_name":"Rechtsanwalt Andreas Plettenberg","article_modified_time":"2024-02-26T16:41:33+00:00","twitter_card":"summary_large_image","twitter_misc":{"Dur\u00e9e de lecture estim\u00e9e":"1 minute"},"schema":{"@context":"https:\/\/schema.org","@graph":[{"@type":"WebPage","@id":"https:\/\/www.bonnlegal.eu\/kontakt_1","url":"https:\/\/www.bonnlegal.eu\/kontakt_1","name":"Contact - Cabinet d'avocats Andreas Plettenberg","isPartOf":{"@id":"https:\/\/www.bonnlegal.eu\/#website"},"datePublished":"2020-03-14T14:31:03+00:00","dateModified":"2024-02-26T16:41:33+00:00","description":"Contact avec l'avocat Andreas Plettenberg, sp\u00e9cialiste du droit du travail et du droit de la famille ainsi que curateur de proc\u00e9dure \u00e0 Bonn","inLanguage":"fr-FR","potentialAction":[{"@type":"ReadAction","target":["https:\/\/www.bonnlegal.eu\/kontakt_1"]}]},{"@type":"WebSite","@id":"https:\/\/www.bonnlegal.eu\/#website","url":"https:\/\/www.bonnlegal.eu\/","name":"Avocat Andreas Plettenberg","description":"Avocat Andreas Plettenberg","potentialAction":[{"@type":"SearchAction","target":{"@type":"EntryPoint","urlTemplate":"https:\/\/www.bonnlegal.eu\/?s={search_term_string}"},"query-input":{"@type":"PropertyValueSpecification","valueRequired":true,"valueName":"search_term_string"}}],"inLanguage":"fr-FR"}]}},"_links":{"self":[{"href":"https:\/\/www.bonnlegal.eu\/fr\/wp-json\/wp\/v2\/pages\/3047","targetHints":{"allow":["GET"]}}],"collection":[{"href":"https:\/\/www.bonnlegal.eu\/fr\/wp-json\/wp\/v2\/pages"}],"about":[{"href":"https:\/\/www.bonnlegal.eu\/fr\/wp-json\/wp\/v2\/types\/page"}],"author":[{"embeddable":true,"href":"https:\/\/www.bonnlegal.eu\/fr\/wp-json\/wp\/v2\/users\/1"}],"replies":[{"embeddable":true,"href":"https:\/\/www.bonnlegal.eu\/fr\/wp-json\/wp\/v2\/comments?post=3047"}],"version-history":[{"count":0,"href":"https:\/\/www.bonnlegal.eu\/fr\/wp-json\/wp\/v2\/pages\/3047\/revisions"}],"wp:attachment":[{"href":"https:\/\/www.bonnlegal.eu\/fr\/wp-json\/wp\/v2\/media?parent=3047"}],"curies":[{"name":"wp","href":"https:\/\/api.w.org\/{rel}","templated":true}]}}