{"id":5146,"date":"2022-07-02T07:49:33","date_gmt":"2022-07-02T07:49:33","guid":{"rendered":"https:\/\/www.bonnlegal.eu\/?page_id=5146"},"modified":"2022-07-19T07:53:08","modified_gmt":"2022-07-19T07:53:08","slug":"verfahrensbeistand","status":"publish","type":"page","link":"https:\/\/www.bonnlegal.eu\/fr\/verfahrensbeistand","title":{"rendered":"Curateur de proc\u00e9dure"},"content":{"rendered":"<div class=\"wpb-content-wrapper\"><div class=\"vc_row wpb_row vc_row-fluid inner_container desktop-visible cneo-head vc_custom_1657093327703 vc_row-has-fill vc_rtl-columns-reverse vc_row-o-content-middle vc_row-flex\"><div class=\"wpb_column vc_column_container vc_col-sm-3\/5\"><div class=\"vc_column-inner vc_custom_1581831845353\"><div class=\"wpb_wrapper\"><\/div><\/div><\/div><\/div><div class=\"vc_row wpb_row vc_row-fluid mobile-invisible cneo-head\"><div class=\"wpb_column vc_column_container vc_col-sm-12\"><div class=\"vc_column-inner\"><div class=\"wpb_wrapper\">\n\t<div  class=\"wpb_single_image wpb_content_element vc_align_left wpb_content_element\">\n\t\t\n\t\t<figure class=\"wpb_wrapper vc_figure\">\n\t\t\t<div class=\"vc_single_image-wrapper   vc_box_border_grey\"><img loading=\"lazy\" decoding=\"async\" width=\"800\" height=\"600\" src=\"https:\/\/www.bonnlegal.eu\/wp-content\/uploads\/verfahrensbeistand_1_800_600.jpg\" class=\"vc_single_image-img attachment-full\" alt=\"Ihr Rechtsanwalt in Bonn. Rechtsanwalt Andreas Plettenberg, Fachanwalt f\u00fcr Arbeitsrecht und Familienrecht sowie Verfahrensbeistand in Bonn\" title=\"girl holding justice scale\" srcset=\"https:\/\/www.bonnlegal.eu\/wp-content\/uploads\/verfahrensbeistand_1_800_600.jpg 800w, https:\/\/www.bonnlegal.eu\/wp-content\/uploads\/verfahrensbeistand_1_800_600-300x225.jpg 300w, https:\/\/www.bonnlegal.eu\/wp-content\/uploads\/verfahrensbeistand_1_800_600-768x576.jpg 768w, https:\/\/www.bonnlegal.eu\/wp-content\/uploads\/verfahrensbeistand_1_800_600-16x12.jpg 16w, https:\/\/www.bonnlegal.eu\/wp-content\/uploads\/verfahrensbeistand_1_800_600-100x75.jpg 100w\" sizes=\"auto, (max-width: 800px) 100vw, 800px\" \/><\/div>\n\t\t<\/figure>\n\t<\/div>\n<\/div><\/div><\/div><\/div><div class=\"vc_row wpb_row vc_row-fluid inner_container vc_custom_1642009640881 vc_row-has-fill vc_row-o-content-middle vc_row-flex\"><div class=\"inner_container_fixed wpb_column vc_column_container vc_col-sm-12\"><div class=\"vc_column-inner\"><div class=\"wpb_wrapper\">\n\t<div class=\"wpb_text_column wpb_content_element vc_custom_1656756882575 inner_container_fixed\" >\n\t\t<div class=\"wpb_wrapper\">\n\t\t\t<h1 style=\"text-align: center;\">CURATEUR DE PROC\u00c9DURE<\/h1>\n\n\t\t<\/div>\n\t<\/div>\n\n\t<div class=\"wpb_text_column wpb_content_element inner_container_fixed\" >\n\t\t<div class=\"wpb_wrapper\">\n\t\t\t<p style=\"text-align: center;\">Ma\u00eetre Andreas Plettenberg est un curateur de proc\u00e9dure certifi\u00e9 qui peut \u00eatre d\u00e9sign\u00e9 par le tribunal dans les affaires relatives \u00e0 l'enfance pour d\u00e9fendre les int\u00e9r\u00eats de l'enfant mineur concern\u00e9.<\/p>\n\n\t\t<\/div>\n\t<\/div>\n<div class=\"vc_empty_space\"   style=\"height: 32px\"><span class=\"vc_empty_space_inner\"><\/span><\/div><\/div><\/div><\/div><\/div><div class=\"vc_row wpb_row vc_row-fluid inner_container vc_row-o-content-top vc_row-flex\"><div class=\"wpb_column vc_column_container vc_col-sm-12\"><div class=\"vc_column-inner\"><div class=\"wpb_wrapper\">\n\t<div class=\"wpb_text_column wpb_content_element\" >\n\t\t<div class=\"wpb_wrapper\">\n\t\t\t\n\t\t<\/div>\n\t<\/div>\n<div class=\"vc_row wpb_row vc_inner vc_row-fluid inner_container_fixed vc_column-gap-20\"><div class=\"wpb_column vc_column_container vc_col-sm-6\"><div class=\"vc_column-inner\"><div class=\"wpb_wrapper\">\n\t<div  class=\"wpb_single_image wpb_content_element vc_align_left wpb_content_element\">\n\t\t\n\t\t<figure class=\"wpb_wrapper vc_figure\">\n\t\t\t<div class=\"vc_single_image-wrapper   vc_box_border_grey\"><img loading=\"lazy\" decoding=\"async\" width=\"800\" height=\"600\" src=\"https:\/\/www.bonnlegal.eu\/wp-content\/uploads\/verfahrensbeistand_800_600.jpg\" class=\"vc_single_image-img attachment-full\" alt=\"Ihr Rechtsanwalt in Bonn. Rechtsanwalt Andreas Plettenberg, Fachanwalt f\u00fcr Arbeitsrecht und Familienrecht sowie Verfahrensbeistand in Bonn\" title=\"girl holding justice scale\" srcset=\"https:\/\/www.bonnlegal.eu\/wp-content\/uploads\/verfahrensbeistand_800_600.jpg 800w, https:\/\/www.bonnlegal.eu\/wp-content\/uploads\/verfahrensbeistand_800_600-300x225.jpg 300w, https:\/\/www.bonnlegal.eu\/wp-content\/uploads\/verfahrensbeistand_800_600-768x576.jpg 768w, https:\/\/www.bonnlegal.eu\/wp-content\/uploads\/verfahrensbeistand_800_600-16x12.jpg 16w, https:\/\/www.bonnlegal.eu\/wp-content\/uploads\/verfahrensbeistand_800_600-100x75.jpg 100w\" sizes=\"auto, (max-width: 800px) 100vw, 800px\" \/><\/div>\n\t\t<\/figure>\n\t<\/div>\n<\/div><\/div><\/div><div class=\"wpb_column vc_column_container vc_col-sm-6\"><div class=\"vc_column-inner\"><div class=\"wpb_wrapper\">\n\t<div class=\"wpb_text_column wpb_content_element\" >\n\t\t<div class=\"wpb_wrapper\">\n\t\t\t<h2>CONSEILLER CERTIFI\u00c9 EN MATI\u00c8RE DE PROC\u00c9DURE<\/h2>\n<p>Dans les affaires relatives aux enfants, un curateur de proc\u00e9dure peut \u00eatre d\u00e9sign\u00e9 par le tribunal pour d\u00e9fendre les int\u00e9r\u00eats de l'enfant mineur concern\u00e9, conform\u00e9ment au \u00a7 158 al. 1, 2 FamFG. Le curateur de proc\u00e9dure n'est pas un avocat suppl\u00e9mentaire de votre enfant, mais une personne choisie par le tribunal selon une appr\u00e9ciation conforme aux obligations, qui doit \u00eatre apte \u00e0 d\u00e9fendre les int\u00e9r\u00eats de votre enfant de mani\u00e8re appropri\u00e9e selon les particularit\u00e9s du cas d'esp\u00e8ce.<\/p>\n<p>La n\u00e9cessit\u00e9 de d\u00e9signer un curateur de proc\u00e9dure en tant qu'\"expression de la position de sujet de l'enfant dans son individualit\u00e9 en tant que titulaire de droits fondamentaux\" a \u00e9t\u00e9 r\u00e9cemment rappel\u00e9e par la Cour d'appel de la Sarre (Saarl\u00e4ndisches Oberlandesgericht Saarbr\u00fccken, Beschluss vom 17. Juni 2019 - 9 UF 49\/18 ).<\/p>\n<p>Dans quelles proc\u00e9dures un curateur de proc\u00e9dure peut-il \u00eatre d\u00e9sign\u00e9 ?<\/p>\n<p>Le curateur de proc\u00e9dure peut \u00eatre d\u00e9sign\u00e9 conform\u00e9ment au \u00a7 151 FamFG dans les affaires relatives \u00e0 l'enfant. Il s'agit notamment<\/p>\n<ul>\n<li>Proc\u00e9dure de garde<\/li>\n<li>Proc\u00e9dure de contact<\/li>\n<li>Proc\u00e9dure de remise de l'enfant<\/li>\n<li>Proc\u00e9dures relatives \u00e0 la tutelle<\/li>\n<li>la tutelle ou la d\u00e9signation judiciaire d'un autre repr\u00e9sentant pour un mineur<\/li>\n<li>Proc\u00e9dure concernant le placement d'un mineur \u00e0 des fins de privation de libert\u00e9<\/li>\n<\/ul>\n<p>Ma\u00eetre Andreas Plettenberg est un curateur de proc\u00e9dure certifi\u00e9 et dispose de l'exp\u00e9rience et de l'expertise n\u00e9cessaires pour agir avec le tact requis dans ce domaine juridique tr\u00e8s sensible.<\/p>\n\n\t\t<\/div>\n\t<\/div>\n\n\t<div class=\"wpb_text_column wpb_content_element\" >\n\t\t<div class=\"wpb_wrapper\">\n\t\t\t<a  class=\"x-btn x-btn-block\"  href=\"mailto:info@bonn-legal.eu\"     data-options=\"thumbnail: ''\">Prendre contact<\/a>\n\n\t\t<\/div>\n\t<\/div>\n<\/div><\/div><\/div><\/div><\/div><\/div><\/div><\/div><div class=\"vc_row wpb_row vc_row-fluid inner_container vc_custom_1656747301280 vc_row-has-fill vc_column-gap-25 vc_row-o-content-middle vc_row-flex\"><div class=\"inner_container_fixed wpb_column vc_column_container vc_col-sm-12\"><div class=\"vc_column-inner\"><div class=\"wpb_wrapper\">\n\t<div class=\"wpb_text_column wpb_content_element\" >\n\t\t<div class=\"wpb_wrapper\">\n\t\t\t<h2 style=\"text-align: center;\">ADH\u00c9SIONS<\/h2>\n\n\t\t<\/div>\n\t<\/div>\n<div class=\"vc_row wpb_row vc_inner vc_row-fluid vc_column-gap-25\"><div class=\"wpb_column vc_column_container vc_col-sm-6\"><div class=\"vc_column-inner\"><div class=\"wpb_wrapper\">\n\t<div  class=\"wpb_single_image wpb_content_element vc_align_center wpb_content_element\">\n\t\t\n\t\t<figure class=\"wpb_wrapper vc_figure\">\n\t\t\t<div class=\"vc_single_image-wrapper vc_box_border  vc_box_border_grey\"><img loading=\"lazy\" decoding=\"async\" width=\"300\" height=\"150\" src=\"https:\/\/www.bonnlegal.eu\/wp-content\/uploads\/bonner_anwaltverein_600_300-300x150.jpg\" class=\"vc_single_image-img attachment-medium\" alt=\"\" title=\"bonner_anwaltverein_600_300\" srcset=\"https:\/\/www.bonnlegal.eu\/wp-content\/uploads\/bonner_anwaltverein_600_300-300x150.jpg 300w, https:\/\/www.bonnlegal.eu\/wp-content\/uploads\/bonner_anwaltverein_600_300-18x9.jpg 18w, https:\/\/www.bonnlegal.eu\/wp-content\/uploads\/bonner_anwaltverein_600_300-100x50.jpg 100w, https:\/\/www.bonnlegal.eu\/wp-content\/uploads\/bonner_anwaltverein_600_300.jpg 600w\" sizes=\"auto, (max-width: 300px) 100vw, 300px\" \/><\/div>\n\t\t<\/figure>\n\t<\/div>\n<\/div><\/div><\/div><div class=\"wpb_column vc_column_container vc_col-sm-6\"><div class=\"vc_column-inner\"><div class=\"wpb_wrapper\">\n\t<div  class=\"wpb_single_image wpb_content_element vc_align_center wpb_content_element\">\n\t\t\n\t\t<figure class=\"wpb_wrapper vc_figure\">\n\t\t\t<div class=\"vc_single_image-wrapper vc_box_border  vc_box_border_grey\"><img loading=\"lazy\" decoding=\"async\" width=\"300\" height=\"150\" src=\"https:\/\/www.bonnlegal.eu\/wp-content\/uploads\/deutscher_anwaltverein_600_300-300x150.jpg\" class=\"vc_single_image-img attachment-medium\" alt=\"\" title=\"deutscher_anwaltverein_600_300\" srcset=\"https:\/\/www.bonnlegal.eu\/wp-content\/uploads\/deutscher_anwaltverein_600_300-300x150.jpg 300w, https:\/\/www.bonnlegal.eu\/wp-content\/uploads\/deutscher_anwaltverein_600_300-18x9.jpg 18w, https:\/\/www.bonnlegal.eu\/wp-content\/uploads\/deutscher_anwaltverein_600_300-100x50.jpg 100w, https:\/\/www.bonnlegal.eu\/wp-content\/uploads\/deutscher_anwaltverein_600_300.jpg 600w\" sizes=\"auto, (max-width: 300px) 100vw, 300px\" \/><\/div>\n\t\t<\/figure>\n\t<\/div>\n<\/div><\/div><\/div><\/div><\/div><\/div><\/div><\/div><div class=\"vc_row wpb_row vc_row-fluid inner_container vc_row-o-content-middle vc_row-flex\"><div class=\"inner_container_fixed wpb_column vc_column_container vc_col-sm-12\"><div class=\"vc_column-inner\"><div class=\"wpb_wrapper\"><div class=\"vc_empty_space\"   style=\"height: 32px\"><span class=\"vc_empty_space_inner\"><\/span><\/div>\n\t<div class=\"wpb_text_column wpb_content_element\" >\n\t\t<div class=\"wpb_wrapper\">\n\t\t\t<h2 style=\"text-align: center;\">LES CHOSES QUE NOUS D\u00c9FENDONS<\/h2>\n<p style=\"text-align: center;\">Il y a de nombreuses bonnes raisons de travailler avec Me Andreas Plettenberg.<\/p>\n<p style=\"text-align: center;\">Les choses suivantes nous caract\u00e9risent :<\/p>\n\n\t\t<\/div>\n\t<\/div>\n<div class=\"vc_row wpb_row vc_inner vc_row-fluid\"><div class=\"wpb_column vc_column_container vc_col-sm-3\"><div class=\"vc_column-inner\"><div class=\"wpb_wrapper\">\n\t<div  class=\"wpb_single_image wpb_content_element vc_align_center wpb_content_element\">\n\t\t\n\t\t<figure class=\"wpb_wrapper vc_figure\">\n\t\t\t<div class=\"vc_single_image-wrapper   vc_box_border_grey\"><img loading=\"lazy\" decoding=\"async\" width=\"150\" height=\"150\" src=\"https:\/\/www.bonnlegal.eu\/wp-content\/uploads\/ra_icon_freundlichkeit400_400-150x150.png\" class=\"vc_single_image-img attachment-thumbnail\" alt=\"Ihr Rechtsanwalt in Bonn. Rechtsanwalt Andreas Plettenberg, Fachanwalt f\u00fcr Arbeitsrecht und Familienrecht sowie Verfahrensbeistand in Bonn\" title=\"ra_icon_freundlichkeit400_400\" srcset=\"https:\/\/www.bonnlegal.eu\/wp-content\/uploads\/ra_icon_freundlichkeit400_400-150x150.png 150w, https:\/\/www.bonnlegal.eu\/wp-content\/uploads\/ra_icon_freundlichkeit400_400-300x300.png 300w, https:\/\/www.bonnlegal.eu\/wp-content\/uploads\/ra_icon_freundlichkeit400_400-12x12.png 12w, https:\/\/www.bonnlegal.eu\/wp-content\/uploads\/ra_icon_freundlichkeit400_400-100x100.png 100w, https:\/\/www.bonnlegal.eu\/wp-content\/uploads\/ra_icon_freundlichkeit400_400.png 400w\" sizes=\"auto, (max-width: 150px) 100vw, 150px\" \/><\/div>\n\t\t<\/figure>\n\t<\/div>\n\n\t<div class=\"wpb_text_column wpb_content_element\" >\n\t\t<div class=\"wpb_wrapper\">\n\t\t\t<p style=\"text-align: center;\"><strong>Amabilit\u00e9<\/strong><\/p>\n<p style=\"text-align: center;\">Nous vous prenons au s\u00e9rieux, vous et votre demande, et nous sommes respectueux les uns des autres.<\/p>\n\n\t\t<\/div>\n\t<\/div>\n<\/div><\/div><\/div><div class=\"wpb_column vc_column_container vc_col-sm-3\"><div class=\"vc_column-inner\"><div class=\"wpb_wrapper\">\n\t<div  class=\"wpb_single_image wpb_content_element vc_align_center wpb_content_element\">\n\t\t\n\t\t<figure class=\"wpb_wrapper vc_figure\">\n\t\t\t<div class=\"vc_single_image-wrapper   vc_box_border_grey\"><img loading=\"lazy\" decoding=\"async\" width=\"150\" height=\"150\" src=\"https:\/\/www.bonnlegal.eu\/wp-content\/uploads\/ra_icon_zuverlaessigkeit_400_400-150x150.png\" class=\"vc_single_image-img attachment-thumbnail\" alt=\"Ihr Rechtsanwalt in Bonn. Rechtsanwalt Andreas Plettenberg, Fachanwalt f\u00fcr Arbeitsrecht und Familienrecht sowie Verfahrensbeistand in Bonn\" title=\"ra_icon_zuverlaessigkeit_400_400\" srcset=\"https:\/\/www.bonnlegal.eu\/wp-content\/uploads\/ra_icon_zuverlaessigkeit_400_400-150x150.png 150w, https:\/\/www.bonnlegal.eu\/wp-content\/uploads\/ra_icon_zuverlaessigkeit_400_400-300x300.png 300w, https:\/\/www.bonnlegal.eu\/wp-content\/uploads\/ra_icon_zuverlaessigkeit_400_400-12x12.png 12w, https:\/\/www.bonnlegal.eu\/wp-content\/uploads\/ra_icon_zuverlaessigkeit_400_400-100x100.png 100w, https:\/\/www.bonnlegal.eu\/wp-content\/uploads\/ra_icon_zuverlaessigkeit_400_400.png 400w\" sizes=\"auto, (max-width: 150px) 100vw, 150px\" \/><\/div>\n\t\t<\/figure>\n\t<\/div>\n\n\t<div class=\"wpb_text_column wpb_content_element\" >\n\t\t<div class=\"wpb_wrapper\">\n\t\t\t<p style=\"text-align: center;\"><strong>Professionnalisme<\/strong><\/p>\n<p style=\"text-align: center;\">Nous traitons chaque demande avec le professionnalisme qui convient, quel que soit le domaine.<\/p>\n\n\t\t<\/div>\n\t<\/div>\n<\/div><\/div><\/div><div class=\"wpb_column vc_column_container vc_col-sm-3\"><div class=\"vc_column-inner\"><div class=\"wpb_wrapper\">\n\t<div  class=\"wpb_single_image wpb_content_element vc_align_center wpb_content_element\">\n\t\t\n\t\t<figure class=\"wpb_wrapper vc_figure\">\n\t\t\t<div class=\"vc_single_image-wrapper   vc_box_border_grey\"><img loading=\"lazy\" decoding=\"async\" width=\"150\" height=\"150\" src=\"https:\/\/www.bonnlegal.eu\/wp-content\/uploads\/ra_icon_professionalitaet_400_400-150x150.png\" class=\"vc_single_image-img attachment-thumbnail\" alt=\"Ihr Rechtsanwalt in Bonn. Rechtsanwalt Andreas Plettenberg, Fachanwalt f\u00fcr Arbeitsrecht und Familienrecht sowie Verfahrensbeistand in Bonn\" title=\"ra_icon_professionalitaet_400_400\" srcset=\"https:\/\/www.bonnlegal.eu\/wp-content\/uploads\/ra_icon_professionalitaet_400_400-150x150.png 150w, https:\/\/www.bonnlegal.eu\/wp-content\/uploads\/ra_icon_professionalitaet_400_400-300x300.png 300w, https:\/\/www.bonnlegal.eu\/wp-content\/uploads\/ra_icon_professionalitaet_400_400-12x12.png 12w, https:\/\/www.bonnlegal.eu\/wp-content\/uploads\/ra_icon_professionalitaet_400_400-100x100.png 100w, https:\/\/www.bonnlegal.eu\/wp-content\/uploads\/ra_icon_professionalitaet_400_400.png 400w\" sizes=\"auto, (max-width: 150px) 100vw, 150px\" \/><\/div>\n\t\t<\/figure>\n\t<\/div>\n\n\t<div class=\"wpb_text_column wpb_content_element\" >\n\t\t<div class=\"wpb_wrapper\">\n\t\t\t<p style=\"text-align: center;\"><strong>Fiabilit\u00e9<\/strong><\/p>\n<p style=\"text-align: center;\">Vous pouvez compter sur nous : nous tenons nos promesses<a href=\"\/fr\/familienrecht\/\">,<\/a> que ce soit \u00e0 l'oral ou \u00e0 l'\u00e9crit<\/p>\n\n\t\t<\/div>\n\t<\/div>\n<\/div><\/div><\/div><div class=\"wpb_column vc_column_container vc_col-sm-3\"><div class=\"vc_column-inner\"><div class=\"wpb_wrapper\">\n\t<div  class=\"wpb_single_image wpb_content_element vc_align_center wpb_content_element\">\n\t\t\n\t\t<figure class=\"wpb_wrapper vc_figure\">\n\t\t\t<div class=\"vc_single_image-wrapper   vc_box_border_grey\"><img loading=\"lazy\" decoding=\"async\" width=\"150\" height=\"150\" src=\"https:\/\/www.bonnlegal.eu\/wp-content\/uploads\/ra_icon_alles_aus_einer_hand_400_400-150x150.png\" class=\"vc_single_image-img attachment-thumbnail\" alt=\"Ihr Rechtsanwalt in Bonn. Rechtsanwalt Andreas Plettenberg, Fachanwalt f\u00fcr Arbeitsrecht und Familienrecht sowie Verfahrensbeistand in Bonn\" title=\"ra_icon_alles_aus_einer_hand_400_400\" srcset=\"https:\/\/www.bonnlegal.eu\/wp-content\/uploads\/ra_icon_alles_aus_einer_hand_400_400-150x150.png 150w, https:\/\/www.bonnlegal.eu\/wp-content\/uploads\/ra_icon_alles_aus_einer_hand_400_400-300x300.png 300w, https:\/\/www.bonnlegal.eu\/wp-content\/uploads\/ra_icon_alles_aus_einer_hand_400_400-12x12.png 12w, https:\/\/www.bonnlegal.eu\/wp-content\/uploads\/ra_icon_alles_aus_einer_hand_400_400-100x100.png 100w, https:\/\/www.bonnlegal.eu\/wp-content\/uploads\/ra_icon_alles_aus_einer_hand_400_400.png 400w\" sizes=\"auto, (max-width: 150px) 100vw, 150px\" \/><\/div>\n\t\t<\/figure>\n\t<\/div>\n\n\t<div class=\"wpb_text_column wpb_content_element\" >\n\t\t<div class=\"wpb_wrapper\">\n\t\t\t<p style=\"text-align: center;\"><strong>Un seul fournisseur<\/strong><\/p>\n<p style=\"text-align: center;\">Vous n'avez qu'un seul interlocuteur<a href=\"https:\/\/www.rak-koeln.de\/\">:<\/a> nous vous accompagnons du d\u00e9but \u00e0 la fin de votre demande<\/p>\n\n\t\t<\/div>\n\t<\/div>\n<\/div><\/div><\/div><\/div><div class=\"vc_empty_space\"   style=\"height: 32px\"><span class=\"vc_empty_space_inner\"><\/span><\/div><\/div><\/div><\/div><\/div>\n<\/div>","protected":false},"excerpt":{"rendered":"ASSISTANCE DE PROC\u00c9DURE Ma\u00eetre Andreas Plettenberg est un curateur de proc\u00e9dure certifi\u00e9 qui peut \u00eatre d\u00e9sign\u00e9 par le tribunal pour d\u00e9fendre les int\u00e9r\u00eats de l'enfant mineur concern\u00e9 dans les affaires relatives \u00e0 l'enfance. ASSISTANT DE PROC\u00c9DURE CERTIFI\u00c9 Dans les affaires concernant les enfants, un assistant de proc\u00e9dure peut \u00eatre d\u00e9sign\u00e9 par le tribunal pour d\u00e9fendre les int\u00e9r\u00eats de l'enfant mineur concern\u00e9, conform\u00e9ment au \u00a7 158 al. 1, 2 FamFG. Le curateur de proc\u00e9dure n'est pas un avocat suppl\u00e9mentaire ... <a href=\"https:\/\/www.bonnlegal.eu\/fr\/verfahrensbeistand\" class=\"more-link\">Lire la suite<\/a>","protected":false},"author":1,"featured_media":5165,"parent":0,"menu_order":0,"comment_status":"closed","ping_status":"closed","template":"template-blank-4.php","meta":{"footnotes":""},"class_list":["post-5146","page","type-page","status-publish","has-post-thumbnail","hentry"],"yoast_head":"<!-- This site is optimized with the Yoast SEO plugin v27.2 - https:\/\/yoast.com\/product\/yoast-seo-wordpress\/ -->\n<title>Verfahrensbeistand - Rechtsanwaltskanzlei Andreas Plettenberg<\/title>\n<meta name=\"description\" content=\"Rechtsanwalt Andreas Plettenberg, Fachanwalt f\u00fcr Arbeitsrecht und Familienrecht sowie zertifizierter Verfahrensbeistand in Bonn\" \/>\n<meta name=\"robots\" content=\"index, follow, max-snippet:-1, max-image-preview:large, max-video-preview:-1\" \/>\n<link rel=\"canonical\" href=\"https:\/\/www.bonnlegal.eu\/fr\/verfahrensbeistand\/\" \/>\n<meta property=\"og:locale\" content=\"fr_FR\" \/>\n<meta property=\"og:type\" content=\"article\" \/>\n<meta property=\"og:title\" content=\"Verfahrensbeistand - Rechtsanwaltskanzlei Andreas Plettenberg\" \/>\n<meta property=\"og:description\" content=\"Rechtsanwalt Andreas Plettenberg, Fachanwalt f\u00fcr Arbeitsrecht und Familienrecht sowie zertifizierter Verfahrensbeistand in Bonn\" \/>\n<meta property=\"og:url\" content=\"https:\/\/www.bonnlegal.eu\/fr\/verfahrensbeistand\/\" \/>\n<meta property=\"og:site_name\" content=\"Rechtsanwalt Andreas Plettenberg\" \/>\n<meta property=\"article:modified_time\" content=\"2022-07-19T07:53:08+00:00\" \/>\n<meta property=\"og:image\" content=\"https:\/\/www.bonnlegal.eu\/wp-content\/uploads\/AdobeStock_47863478_Preview_1.jpg\" \/>\n\t<meta property=\"og:image:width\" content=\"800\" \/>\n\t<meta property=\"og:image:height\" content=\"600\" \/>\n\t<meta property=\"og:image:type\" content=\"image\/jpeg\" \/>\n<meta name=\"twitter:card\" content=\"summary_large_image\" \/>\n<meta name=\"twitter:label1\" content=\"Dur\u00e9e de lecture estim\u00e9e\" \/>\n\t<meta name=\"twitter:data1\" content=\"3 minutes\" \/>\n<script type=\"application\/ld+json\" class=\"yoast-schema-graph\">{\"@context\":\"https:\/\/schema.org\",\"@graph\":[{\"@type\":\"WebPage\",\"@id\":\"https:\/\/www.bonnlegal.eu\/verfahrensbeistand\",\"url\":\"https:\/\/www.bonnlegal.eu\/verfahrensbeistand\",\"name\":\"Verfahrensbeistand - Rechtsanwaltskanzlei Andreas Plettenberg\",\"isPartOf\":{\"@id\":\"https:\/\/www.bonnlegal.eu\/#website\"},\"primaryImageOfPage\":{\"@id\":\"https:\/\/www.bonnlegal.eu\/verfahrensbeistand#primaryimage\"},\"image\":{\"@id\":\"https:\/\/www.bonnlegal.eu\/verfahrensbeistand#primaryimage\"},\"thumbnailUrl\":\"https:\/\/www.bonnlegal.eu\/wp-content\/uploads\/AdobeStock_47863478_Preview_1.jpg\",\"datePublished\":\"2022-07-02T07:49:33+00:00\",\"dateModified\":\"2022-07-19T07:53:08+00:00\",\"description\":\"Rechtsanwalt Andreas Plettenberg, Fachanwalt f\u00fcr Arbeitsrecht und Familienrecht sowie zertifizierter Verfahrensbeistand in Bonn\",\"inLanguage\":\"fr-FR\",\"potentialAction\":[{\"@type\":\"ReadAction\",\"target\":[\"https:\/\/www.bonnlegal.eu\/verfahrensbeistand\"]}]},{\"@type\":\"ImageObject\",\"inLanguage\":\"fr-FR\",\"@id\":\"https:\/\/www.bonnlegal.eu\/verfahrensbeistand#primaryimage\",\"url\":\"https:\/\/www.bonnlegal.eu\/wp-content\/uploads\/AdobeStock_47863478_Preview_1.jpg\",\"contentUrl\":\"https:\/\/www.bonnlegal.eu\/wp-content\/uploads\/AdobeStock_47863478_Preview_1.jpg\",\"width\":800,\"height\":600},{\"@type\":\"WebSite\",\"@id\":\"https:\/\/www.bonnlegal.eu\/#website\",\"url\":\"https:\/\/www.bonnlegal.eu\/\",\"name\":\"Rechtsanwalt Andreas Plettenberg\",\"description\":\"Rechtsanwalt Andreas Plettenberg\",\"potentialAction\":[{\"@type\":\"SearchAction\",\"target\":{\"@type\":\"EntryPoint\",\"urlTemplate\":\"https:\/\/www.bonnlegal.eu\/?s={search_term_string}\"},\"query-input\":{\"@type\":\"PropertyValueSpecification\",\"valueRequired\":true,\"valueName\":\"search_term_string\"}}],\"inLanguage\":\"fr-FR\"}]}<\/script>\n<!-- \/ Yoast SEO plugin. -->","yoast_head_json":{"title":"Curateur de proc\u00e9dure - Cabinet d'avocats Andreas Plettenberg","description":"Ma\u00eetre Andreas Plettenberg, avocat sp\u00e9cialis\u00e9 en droit du travail et en droit de la famille, ainsi que curateur de proc\u00e9dure certifi\u00e9 \u00e0 Bonn","robots":{"index":"index","follow":"follow","max-snippet":"max-snippet:-1","max-image-preview":"max-image-preview:large","max-video-preview":"max-video-preview:-1"},"canonical":"https:\/\/www.bonnlegal.eu\/fr\/verfahrensbeistand\/","og_locale":"fr_FR","og_type":"article","og_title":"Verfahrensbeistand - Rechtsanwaltskanzlei Andreas Plettenberg","og_description":"Rechtsanwalt Andreas Plettenberg, Fachanwalt f\u00fcr Arbeitsrecht und Familienrecht sowie zertifizierter Verfahrensbeistand in Bonn","og_url":"https:\/\/www.bonnlegal.eu\/fr\/verfahrensbeistand\/","og_site_name":"Rechtsanwalt Andreas Plettenberg","article_modified_time":"2022-07-19T07:53:08+00:00","og_image":[{"width":800,"height":600,"url":"https:\/\/www.bonnlegal.eu\/wp-content\/uploads\/AdobeStock_47863478_Preview_1.jpg","type":"image\/jpeg"}],"twitter_card":"summary_large_image","twitter_misc":{"Dur\u00e9e de lecture estim\u00e9e":"3 minutes"},"schema":{"@context":"https:\/\/schema.org","@graph":[{"@type":"WebPage","@id":"https:\/\/www.bonnlegal.eu\/verfahrensbeistand","url":"https:\/\/www.bonnlegal.eu\/verfahrensbeistand","name":"Curateur de proc\u00e9dure - Cabinet d'avocats Andreas Plettenberg","isPartOf":{"@id":"https:\/\/www.bonnlegal.eu\/#website"},"primaryImageOfPage":{"@id":"https:\/\/www.bonnlegal.eu\/verfahrensbeistand#primaryimage"},"image":{"@id":"https:\/\/www.bonnlegal.eu\/verfahrensbeistand#primaryimage"},"thumbnailUrl":"https:\/\/www.bonnlegal.eu\/wp-content\/uploads\/AdobeStock_47863478_Preview_1.jpg","datePublished":"2022-07-02T07:49:33+00:00","dateModified":"2022-07-19T07:53:08+00:00","description":"Ma\u00eetre Andreas Plettenberg, avocat sp\u00e9cialis\u00e9 en droit du travail et en droit de la famille, ainsi que curateur de proc\u00e9dure certifi\u00e9 \u00e0 Bonn","inLanguage":"fr-FR","potentialAction":[{"@type":"ReadAction","target":["https:\/\/www.bonnlegal.eu\/verfahrensbeistand"]}]},{"@type":"ImageObject","inLanguage":"fr-FR","@id":"https:\/\/www.bonnlegal.eu\/verfahrensbeistand#primaryimage","url":"https:\/\/www.bonnlegal.eu\/wp-content\/uploads\/AdobeStock_47863478_Preview_1.jpg","contentUrl":"https:\/\/www.bonnlegal.eu\/wp-content\/uploads\/AdobeStock_47863478_Preview_1.jpg","width":800,"height":600},{"@type":"WebSite","@id":"https:\/\/www.bonnlegal.eu\/#website","url":"https:\/\/www.bonnlegal.eu\/","name":"Avocat Andreas Plettenberg","description":"Avocat Andreas Plettenberg","potentialAction":[{"@type":"SearchAction","target":{"@type":"EntryPoint","urlTemplate":"https:\/\/www.bonnlegal.eu\/?s={search_term_string}"},"query-input":{"@type":"PropertyValueSpecification","valueRequired":true,"valueName":"search_term_string"}}],"inLanguage":"fr-FR"}]}},"_links":{"self":[{"href":"https:\/\/www.bonnlegal.eu\/fr\/wp-json\/wp\/v2\/pages\/5146","targetHints":{"allow":["GET"]}}],"collection":[{"href":"https:\/\/www.bonnlegal.eu\/fr\/wp-json\/wp\/v2\/pages"}],"about":[{"href":"https:\/\/www.bonnlegal.eu\/fr\/wp-json\/wp\/v2\/types\/page"}],"author":[{"embeddable":true,"href":"https:\/\/www.bonnlegal.eu\/fr\/wp-json\/wp\/v2\/users\/1"}],"replies":[{"embeddable":true,"href":"https:\/\/www.bonnlegal.eu\/fr\/wp-json\/wp\/v2\/comments?post=5146"}],"version-history":[{"count":0,"href":"https:\/\/www.bonnlegal.eu\/fr\/wp-json\/wp\/v2\/pages\/5146\/revisions"}],"wp:featuredmedia":[{"embeddable":true,"href":"https:\/\/www.bonnlegal.eu\/fr\/wp-json\/wp\/v2\/media\/5165"}],"wp:attachment":[{"href":"https:\/\/www.bonnlegal.eu\/fr\/wp-json\/wp\/v2\/media?parent=5146"}],"curies":[{"name":"wp","href":"https:\/\/api.w.org\/{rel}","templated":true}]}}